{"id":2624,"date":"2024-05-31T12:23:52","date_gmt":"2024-05-31T12:23:52","guid":{"rendered":"https:\/\/goldengloryshop.com\/producto\/sudadera-organica-unisex\/"},"modified":"2024-10-06T10:56:32","modified_gmt":"2024-10-06T10:56:32","slug":"platinum","status":"publish","type":"product","link":"https:\/\/goldengloryshop.com\/en\/product\/platinum\/","title":{"rendered":"PLATINUM"},"content":{"rendered":"<p>\u2022 80% algod\u00f3n org\u00e1nico, 20% poli\u00e9ster reciclado<br \/>\n\u2022 Exterior en algod\u00f3n 100% org\u00e1nico<br \/>\n\u2022 Punto French Terry<br \/>\n\u2022 Mangas pegadas<br \/>\n\u2022 Canal 2\u00d72 en el cuello<br \/>\n\u2022 Tapeta de cuello en el mismo tejido<br \/>\n\u2022 Producto base procedente de Banglad\u00e9s<\/p>","protected":false},"excerpt":{"rendered":"<p>\u2022 80% algod\u00f3n org\u00e1nico, 20% poli\u00e9ster reciclado \u2022 Exterior en algod\u00f3n 100% org\u00e1nico \u2022 Punto French Terry \u2022 Mangas pegadas \u2022 Canal 2\u00d72 en el cuello \u2022 Tapeta de cuello en el mismo tejido \u2022 Producto base procedente de Banglad\u00e9s<\/p>","protected":false},"featured_media":2840,"template":"","meta":{"site-sidebar-layout":"default","site-content-layout":"","ast-site-content-layout":"default","site-content-style":"default","site-sidebar-style":"default","ast-global-header-display":"","ast-banner-title-visibility":"","ast-main-header-display":"","ast-hfb-above-header-display":"","ast-hfb-below-header-display":"","ast-hfb-mobile-header-display":"","site-post-title":"","ast-breadcrumbs-content":"","ast-featured-img":"","footer-sml-layout":"","theme-transparent-header-meta":"default","adv-header-id-meta":"","stick-header-meta":"","header-above-stick-meta":"","header-main-stick-meta":"","header-below-stick-meta":"","astra-migrate-meta-layouts":"set","ast-page-background-enabled":"default","ast-page-background-meta":{"desktop":{"background-color":"var(--ast-global-color-4)","background-image":"","background-repeat":"repeat","background-position":"center center","background-size":"auto","background-attachment":"scroll","background-type":"","background-media":"","overlay-type":"","overlay-color":"","overlay-opacity":"","overlay-gradient":""},"tablet":{"background-color":"","background-image":"","background-repeat":"repeat","background-position":"center center","background-size":"auto","background-attachment":"scroll","background-type":"","background-media":"","overlay-type":"","overlay-color":"","overlay-opacity":"","overlay-gradient":""},"mobile":{"background-color":"","background-image":"","background-repeat":"repeat","background-position":"center center","background-size":"auto","background-attachment":"scroll","background-type":"","background-media":"","overlay-type":"","overlay-color":"","overlay-opacity":"","overlay-gradient":""}},"ast-content-background-meta":{"desktop":{"background-color":"var(--ast-global-color-5)","background-image":"","background-repeat":"repeat","background-position":"center center","background-size":"auto","background-attachment":"scroll","background-type":"","background-media":"","overlay-type":"","overlay-color":"","overlay-opacity":"","overlay-gradient":""},"tablet":{"background-color":"var(--ast-global-color-5)","background-image":"","background-repeat":"repeat","background-position":"center center","background-size":"auto","background-attachment":"scroll","background-type":"","background-media":"","overlay-type":"","overlay-color":"","overlay-opacity":"","overlay-gradient":""},"mobile":{"background-color":"var(--ast-global-color-5)","background-image":"","background-repeat":"repeat","background-position":"center center","background-size":"auto","background-attachment":"scroll","background-type":"","background-media":"","overlay-type":"","overlay-color":"","overlay-opacity":"","overlay-gradient":""}}},"product_cat":[17],"product_tag":[],"jetpack_sharing_enabled":true,"_links":{"self":[{"href":"https:\/\/goldengloryshop.com\/en\/wp-json\/wp\/v2\/product\/2624"}],"collection":[{"href":"https:\/\/goldengloryshop.com\/en\/wp-json\/wp\/v2\/product"}],"about":[{"href":"https:\/\/goldengloryshop.com\/en\/wp-json\/wp\/v2\/types\/product"}],"version-history":[{"count":2,"href":"https:\/\/goldengloryshop.com\/en\/wp-json\/wp\/v2\/product\/2624\/revisions"}],"predecessor-version":[{"id":2634,"href":"https:\/\/goldengloryshop.com\/en\/wp-json\/wp\/v2\/product\/2624\/revisions\/2634"}],"wp:featuredmedia":[{"embeddable":true,"href":"https:\/\/goldengloryshop.com\/en\/wp-json\/wp\/v2\/media\/2840"}],"wp:attachment":[{"href":"https:\/\/goldengloryshop.com\/en\/wp-json\/wp\/v2\/media?parent=2624"}],"wp:term":[{"taxonomy":"product_cat","embeddable":true,"href":"https:\/\/goldengloryshop.com\/en\/wp-json\/wp\/v2\/product_cat?post=2624"},{"taxonomy":"product_tag","embeddable":true,"href":"https:\/\/goldengloryshop.com\/en\/wp-json\/wp\/v2\/product_tag?post=2624"}],"curies":[{"name":"wp","href":"https:\/\/api.w.org\/{rel}","templated":true}]}}