{"id":252,"date":"2021-08-18T05:35:45","date_gmt":"2021-08-18T05:35:45","guid":{"rendered":"http:\/\/goldengloryshop.com\/about"},"modified":"2023-10-27T03:45:55","modified_gmt":"2023-10-27T03:45:55","slug":"about","status":"publish","type":"page","link":"http:\/\/goldengloryshop.com\/en\/about\/","title":{"rendered":"Nosotros"},"content":{"rendered":"<div data-elementor-type=\"wp-page\" data-elementor-id=\"252\" class=\"elementor elementor-252\">\n\t\t\t\t<div class=\"elementor-element elementor-element-aff1f2f e-flex e-con-boxed e-con e-parent\" data-id=\"aff1f2f\" data-element_type=\"container\" data-settings=\"{&quot;background_background&quot;:&quot;classic&quot;}\">\n\t\t\t\t\t<div class=\"e-con-inner\">\n\t\t<div class=\"elementor-element elementor-element-2892fb1 e-con-full e-flex e-con e-child\" data-id=\"2892fb1\" data-element_type=\"container\">\n\t\t\t\t<div class=\"elementor-element elementor-element-a7801e0 elementor-widget elementor-widget-spacer\" data-id=\"a7801e0\" data-element_type=\"widget\" data-widget_type=\"spacer.default\">\n\t\t\t\t<div class=\"elementor-widget-container\">\n\t\t\t\t\t<div class=\"elementor-spacer\">\n\t\t\t<div class=\"elementor-spacer-inner\"><\/div>\n\t\t<\/div>\n\t\t\t\t<\/div>\n\t\t\t\t<\/div>\n\t\t\t\t<div class=\"elementor-element elementor-element-ab3e51e elementor-widget elementor-widget-heading\" data-id=\"ab3e51e\" data-element_type=\"widget\" data-widget_type=\"heading.default\">\n\t\t\t\t<div class=\"elementor-widget-container\">\n\t\t\t<h2 class=\"elementor-heading-title elementor-size-default\">SOBRE \nNOSOTROS<\/h2>\t\t<\/div>\n\t\t\t\t<\/div>\n\t\t\t\t<div class=\"elementor-element elementor-element-01a5e10 elementor-widget elementor-widget-spacer\" data-id=\"01a5e10\" data-element_type=\"widget\" data-widget_type=\"spacer.default\">\n\t\t\t\t<div class=\"elementor-widget-container\">\n\t\t\t\t\t<div class=\"elementor-spacer\">\n\t\t\t<div class=\"elementor-spacer-inner\"><\/div>\n\t\t<\/div>\n\t\t\t\t<\/div>\n\t\t\t\t<\/div>\n\t\t\t\t<\/div>\n\t\t\t\t\t<\/div>\n\t\t\t\t<\/div>\n\t\t\t\t<section class=\"elementor-section elementor-top-section elementor-element elementor-element-2z2jqt7 elementor-section-boxed elementor-section-height-default elementor-section-height-default\" data-id=\"2z2jqt7\" data-element_type=\"section\" data-settings=\"{&quot;background_background&quot;:&quot;classic&quot;}\">\n\t\t\t\t\t\t<div class=\"elementor-container elementor-column-gap-no\">\n\t\t\t\t\t<div class=\"elementor-column elementor-col-100 elementor-top-column elementor-element elementor-element-01b78b3\" data-id=\"01b78b3\" data-element_type=\"column\">\n\t\t\t<div class=\"elementor-widget-wrap elementor-element-populated\">\n\t\t\t\t\t\t<section class=\"elementor-section elementor-inner-section elementor-element elementor-element-a421628 elementor-section-content-middle elementor-section-boxed elementor-section-height-default elementor-section-height-default\" data-id=\"a421628\" data-element_type=\"section\">\n\t\t\t\t\t\t<div class=\"elementor-container elementor-column-gap-no\">\n\t\t\t\t\t<div class=\"elementor-column elementor-col-66 elementor-inner-column elementor-element elementor-element-8a9c345\" data-id=\"8a9c345\" data-element_type=\"column\">\n\t\t\t<div class=\"elementor-widget-wrap elementor-element-populated\">\n\t\t\t\t\t\t<div class=\"elementor-element elementor-element-f662e07 elementor-widget elementor-widget-image\" data-id=\"f662e07\" data-element_type=\"widget\" data-widget_type=\"image.default\">\n\t\t\t\t<div class=\"elementor-widget-container\">\n\t\t\t\t\t\t\t\t\t\t\t\t\t<img fetchpriority=\"high\" decoding=\"async\" width=\"1280\" height=\"853\" src=\"http:\/\/goldengloryshop.com\/wp-content\/uploads\/2023\/10\/smartmockups_lnynrn5x.jpg\" class=\"attachment-full size-full wp-image-1435\" alt=\"\" srcset=\"http:\/\/goldengloryshop.com\/wp-content\/uploads\/2023\/10\/smartmockups_lnynrn5x.jpg 1280w, http:\/\/goldengloryshop.com\/wp-content\/uploads\/2023\/10\/smartmockups_lnynrn5x-300x200.jpg 300w, http:\/\/goldengloryshop.com\/wp-content\/uploads\/2023\/10\/smartmockups_lnynrn5x-1024x682.jpg 1024w, http:\/\/goldengloryshop.com\/wp-content\/uploads\/2023\/10\/smartmockups_lnynrn5x-768x512.jpg 768w, http:\/\/goldengloryshop.com\/wp-content\/uploads\/2023\/10\/smartmockups_lnynrn5x-600x400.jpg 600w\" sizes=\"(max-width: 1280px) 100vw, 1280px\" \/>\t\t\t\t\t\t\t\t\t\t\t\t\t<\/div>\n\t\t\t\t<\/div>\n\t\t\t\t<div class=\"elementor-element elementor-element-46a6ac9 elementor-widget elementor-widget-image\" data-id=\"46a6ac9\" data-element_type=\"widget\" data-widget_type=\"image.default\">\n\t\t\t\t<div class=\"elementor-widget-container\">\n\t\t\t\t\t\t\t\t\t\t\t\t\t<img decoding=\"async\" width=\"2560\" height=\"1701\" src=\"http:\/\/goldengloryshop.com\/wp-content\/uploads\/2023\/10\/HOODIE-FOTO-2-scaled.jpg\" class=\"attachment-full size-full wp-image-1390\" alt=\"\" srcset=\"http:\/\/goldengloryshop.com\/wp-content\/uploads\/2023\/10\/HOODIE-FOTO-2-scaled.jpg 2560w, http:\/\/goldengloryshop.com\/wp-content\/uploads\/2023\/10\/HOODIE-FOTO-2-300x199.jpg 300w, http:\/\/goldengloryshop.com\/wp-content\/uploads\/2023\/10\/HOODIE-FOTO-2-1024x680.jpg 1024w, http:\/\/goldengloryshop.com\/wp-content\/uploads\/2023\/10\/HOODIE-FOTO-2-768x510.jpg 768w, http:\/\/goldengloryshop.com\/wp-content\/uploads\/2023\/10\/HOODIE-FOTO-2-1536x1020.jpg 1536w, http:\/\/goldengloryshop.com\/wp-content\/uploads\/2023\/10\/HOODIE-FOTO-2-2048x1360.jpg 2048w, http:\/\/goldengloryshop.com\/wp-content\/uploads\/2023\/10\/HOODIE-FOTO-2-600x399.jpg 600w\" sizes=\"(max-width: 2560px) 100vw, 2560px\" \/>\t\t\t\t\t\t\t\t\t\t\t\t\t<\/div>\n\t\t\t\t<\/div>\n\t\t\t\t\t<\/div>\n\t\t<\/div>\n\t\t\t\t<div class=\"elementor-column elementor-col-33 elementor-inner-column elementor-element elementor-element-4075b5d\" data-id=\"4075b5d\" data-element_type=\"column\" data-settings=\"{&quot;background_background&quot;:&quot;classic&quot;}\">\n\t\t\t<div class=\"elementor-widget-wrap elementor-element-populated\">\n\t\t\t\t\t\t<div class=\"elementor-element elementor-element-0681e6c elementor-widget elementor-widget-heading\" data-id=\"0681e6c\" data-element_type=\"widget\" data-widget_type=\"heading.default\">\n\t\t\t\t<div class=\"elementor-widget-container\">\n\t\t\t<h3 class=\"elementor-heading-title elementor-size-default\">SOBRE NOSOTROS<\/h3>\t\t<\/div>\n\t\t\t\t<\/div>\n\t\t\t\t<div class=\"elementor-element elementor-element-9185a3a elementor-widget-divider--view-line elementor-widget elementor-widget-divider\" data-id=\"9185a3a\" data-element_type=\"widget\" data-widget_type=\"divider.default\">\n\t\t\t\t<div class=\"elementor-widget-container\">\n\t\t\t\t\t<div class=\"elementor-divider\">\n\t\t\t<span class=\"elementor-divider-separator\">\n\t\t\t\t\t\t<\/span>\n\t\t<\/div>\n\t\t\t\t<\/div>\n\t\t\t\t<\/div>\n\t\t\t\t<div class=\"elementor-element elementor-element-139eb10 elementor-widget elementor-widget-text-editor\" data-id=\"139eb10\" data-element_type=\"widget\" data-widget_type=\"text-editor.default\">\n\t\t\t\t<div class=\"elementor-widget-container\">\n\t\t\t\t\t\t\t<p>Bienvenido a GOLDEN GLORY, el epicentro de la moda callejera aut\u00e9ntica y vanguardista. Fundada en 2023, nuestra misi\u00f3n es llevar la esencia de la calle a tu armario. Nos enorgullecemos de ofrecer una cuidadosa selecci\u00f3n de prendas de alta calidad, curadas con pasi\u00f3n y conocimiento de las tendencias urbanas<\/p><p><span style=\"color: #26222f; background-color: #ffffff;\">Nuestra inspiraci\u00f3n proviene de la diversidad y creatividad de la vida urbana, reflejada en cada pieza de nuestra colecci\u00f3n. Cada prenda que encuentres aqu\u00ed est\u00e1 impregnada de estilo, comodidad y originalidad.<\/span><\/p><p>Apreciamos la confianza que depositas en nosotros y estamos comprometidos con tu satisfacci\u00f3n. Siempre estamos disponibles para asistirte en tu b\u00fasqueda de estilo. \u00danete a nosotros y forma parte de una revoluci\u00f3n de moda callejera que celebra la autenticidad y la originalidad.<\/p>\t\t\t\t\t\t<\/div>\n\t\t\t\t<\/div>\n\t\t\t\t<div class=\"elementor-element elementor-element-97cf022 elementor-align-left elementor-mobile-align-center elementor-widget elementor-widget-button\" data-id=\"97cf022\" data-element_type=\"widget\" data-widget_type=\"button.default\">\n\t\t\t\t<div class=\"elementor-widget-container\">\n\t\t\t\t\t\t\t<div class=\"elementor-button-wrapper\">\n\t\t\t\t\t<a class=\"elementor-button elementor-button-link elementor-size-sm\" href=\"https:\/\/goldengloryshop.com\/en\/productos\/\">\n\t\t\t\t\t\t<span class=\"elementor-button-content-wrapper\">\n\t\t\t\t\t\t\t\t\t<span class=\"elementor-button-text\">NUESTROS PRODUCTOS<\/span>\n\t\t\t\t\t<\/span>\n\t\t\t\t\t<\/a>\n\t\t\t\t<\/div>\n\t\t\t\t\t\t<\/div>\n\t\t\t\t<\/div>\n\t\t\t\t\t<\/div>\n\t\t<\/div>\n\t\t\t\t\t<\/div>\n\t\t<\/section>\n\t\t\t\t<section class=\"elementor-section elementor-inner-section elementor-element elementor-element-e6d634c elementor-section-content-middle elementor-reverse-tablet elementor-reverse-mobile elementor-section-boxed elementor-section-height-default elementor-section-height-default\" data-id=\"e6d634c\" data-element_type=\"section\">\n\t\t\t\t\t\t<div class=\"elementor-container elementor-column-gap-no\">\n\t\t\t\t\t<div class=\"elementor-column elementor-col-33 elementor-inner-column elementor-element elementor-element-55e68a4\" data-id=\"55e68a4\" data-element_type=\"column\" data-settings=\"{&quot;background_background&quot;:&quot;classic&quot;}\">\n\t\t\t<div class=\"elementor-widget-wrap elementor-element-populated\">\n\t\t\t\t\t\t<div class=\"elementor-element elementor-element-547fb7c elementor-widget elementor-widget-heading\" data-id=\"547fb7c\" data-element_type=\"widget\" data-widget_type=\"heading.default\">\n\t\t\t\t<div class=\"elementor-widget-container\">\n\t\t\t<h3 class=\"elementor-heading-title elementor-size-default\">\u00bfQUIENES SOMOS?<\/h3>\t\t<\/div>\n\t\t\t\t<\/div>\n\t\t\t\t<div class=\"elementor-element elementor-element-609a88c elementor-widget-divider--view-line elementor-widget elementor-widget-divider\" data-id=\"609a88c\" data-element_type=\"widget\" data-widget_type=\"divider.default\">\n\t\t\t\t<div class=\"elementor-widget-container\">\n\t\t\t\t\t<div class=\"elementor-divider\">\n\t\t\t<span class=\"elementor-divider-separator\">\n\t\t\t\t\t\t<\/span>\n\t\t<\/div>\n\t\t\t\t<\/div>\n\t\t\t\t<\/div>\n\t\t\t\t<div class=\"elementor-element elementor-element-67a908a elementor-widget elementor-widget-text-editor\" data-id=\"67a908a\" data-element_type=\"widget\" data-widget_type=\"text-editor.default\">\n\t\t\t\t<div class=\"elementor-widget-container\">\n\t\t\t\t\t\t\t<p>En GOLDEN GLORY, no solo vendemos ropa; creamos una comunidad de apasionados por la moda que buscan expresarse de manera aut\u00e9ntica. A trav\u00e9s de eventos, colaboraciones y contenido inspirador, fomentamos un espacio donde la individualidad florece.<\/p><p>\u00a0<\/p><hr \/>\t\t\t\t\t\t<\/div>\n\t\t\t\t<\/div>\n\t\t\t\t<div class=\"elementor-element elementor-element-c7b9438 elementor-align-right elementor-mobile-align-center elementor-widget elementor-widget-button\" data-id=\"c7b9438\" data-element_type=\"widget\" data-widget_type=\"button.default\">\n\t\t\t\t<div class=\"elementor-widget-container\">\n\t\t\t\t\t\t\t<div class=\"elementor-button-wrapper\">\n\t\t\t\t\t<a class=\"elementor-button elementor-button-link elementor-size-sm\" href=\"https:\/\/goldengloryshop.com\/en\/productos\/\">\n\t\t\t\t\t\t<span class=\"elementor-button-content-wrapper\">\n\t\t\t\t\t\t\t\t\t<span class=\"elementor-button-text\">BUY NOW<\/span>\n\t\t\t\t\t<\/span>\n\t\t\t\t\t<\/a>\n\t\t\t\t<\/div>\n\t\t\t\t\t\t<\/div>\n\t\t\t\t<\/div>\n\t\t\t\t\t<\/div>\n\t\t<\/div>\n\t\t\t\t<div class=\"elementor-column elementor-col-66 elementor-inner-column elementor-element elementor-element-087c995\" data-id=\"087c995\" data-element_type=\"column\">\n\t\t\t<div class=\"elementor-widget-wrap elementor-element-populated\">\n\t\t\t\t\t\t<div class=\"elementor-element elementor-element-e136381 elementor-widget elementor-widget-image\" data-id=\"e136381\" data-element_type=\"widget\" data-widget_type=\"image.default\">\n\t\t\t\t<div class=\"elementor-widget-container\">\n\t\t\t\t\t\t\t\t\t\t\t\t\t<img decoding=\"async\" width=\"1024\" height=\"682\" src=\"http:\/\/goldengloryshop.com\/wp-content\/uploads\/2023\/10\/smartmockups_lnyobhca-1024x682.jpg\" class=\"attachment-large size-large wp-image-1434\" alt=\"\" srcset=\"http:\/\/goldengloryshop.com\/wp-content\/uploads\/2023\/10\/smartmockups_lnyobhca-1024x682.jpg 1024w, http:\/\/goldengloryshop.com\/wp-content\/uploads\/2023\/10\/smartmockups_lnyobhca-300x200.jpg 300w, http:\/\/goldengloryshop.com\/wp-content\/uploads\/2023\/10\/smartmockups_lnyobhca-768x512.jpg 768w, http:\/\/goldengloryshop.com\/wp-content\/uploads\/2023\/10\/smartmockups_lnyobhca-600x400.jpg 600w, http:\/\/goldengloryshop.com\/wp-content\/uploads\/2023\/10\/smartmockups_lnyobhca.jpg 1280w\" sizes=\"(max-width: 1024px) 100vw, 1024px\" \/>\t\t\t\t\t\t\t\t\t\t\t\t\t<\/div>\n\t\t\t\t<\/div>\n\t\t\t\t\t<\/div>\n\t\t<\/div>\n\t\t\t\t\t<\/div>\n\t\t<\/section>\n\t\t\t\t\t<\/div>\n\t\t<\/div>\n\t\t\t\t\t<\/div>\n\t\t<\/section>\n\t\t\t\t<\/div>","protected":false},"excerpt":{"rendered":"<p>SOBRE NOSOTROS SOBRE NOSOTROS Bienvenido a GOLDEN GLORY, el epicentro de la moda callejera aut\u00e9ntica y vanguardista. Fundada en 2023, nuestra misi\u00f3n es llevar la esencia de la calle a tu armario. Nos enorgullecemos de ofrecer una cuidadosa selecci\u00f3n de prendas de alta calidad, curadas con pasi\u00f3n y conocimiento de las tendencias urbanas Nuestra inspiraci\u00f3n [&hellip;]<\/p>","protected":false},"author":1,"featured_media":0,"parent":0,"menu_order":0,"comment_status":"closed","ping_status":"closed","template":"","meta":{"site-sidebar-layout":"no-sidebar","site-content-layout":"page-builder","ast-site-content-layout":"full-width-container","site-content-style":"unboxed","site-sidebar-style":"unboxed","ast-global-header-display":"","ast-banner-title-visibility":"","ast-main-header-display":"","ast-hfb-above-header-display":"","ast-hfb-below-header-display":"","ast-hfb-mobile-header-display":"","site-post-title":"disabled","ast-breadcrumbs-content":"disabled","ast-featured-img":"disabled","footer-sml-layout":"","theme-transparent-header-meta":"default","adv-header-id-meta":"","stick-header-meta":"","header-above-stick-meta":"","header-main-stick-meta":"","header-below-stick-meta":"","astra-migrate-meta-layouts":"set","ast-page-background-enabled":"default","ast-page-background-meta":{"desktop":{"background-color":"var(--ast-global-color-4)","background-image":"","background-repeat":"repeat","background-position":"center center","background-size":"auto","background-attachment":"scroll","background-type":"","background-media":"","overlay-type":"","overlay-color":"","overlay-opacity":"","overlay-gradient":""},"tablet":{"background-color":"","background-image":"","background-repeat":"repeat","background-position":"center center","background-size":"auto","background-attachment":"scroll","background-type":"","background-media":"","overlay-type":"","overlay-color":"","overlay-opacity":"","overlay-gradient":""},"mobile":{"background-color":"","background-image":"","background-repeat":"repeat","background-position":"center center","background-size":"auto","background-attachment":"scroll","background-type":"","background-media":"","overlay-type":"","overlay-color":"","overlay-opacity":"","overlay-gradient":""}},"ast-content-background-meta":{"desktop":{"background-color":"var(--ast-global-color-5)","background-image":"","background-repeat":"repeat","background-position":"center center","background-size":"auto","background-attachment":"scroll","background-type":"","background-media":"","overlay-type":"","overlay-color":"","overlay-opacity":"","overlay-gradient":""},"tablet":{"background-color":"var(--ast-global-color-5)","background-image":"","background-repeat":"repeat","background-position":"center center","background-size":"auto","background-attachment":"scroll","background-type":"","background-media":"","overlay-type":"","overlay-color":"","overlay-opacity":"","overlay-gradient":""},"mobile":{"background-color":"var(--ast-global-color-5)","background-image":"","background-repeat":"repeat","background-position":"center center","background-size":"auto","background-attachment":"scroll","background-type":"","background-media":"","overlay-type":"","overlay-color":"","overlay-opacity":"","overlay-gradient":""}},"footnotes":""},"jetpack_sharing_enabled":true,"_links":{"self":[{"href":"http:\/\/goldengloryshop.com\/en\/wp-json\/wp\/v2\/pages\/252"}],"collection":[{"href":"http:\/\/goldengloryshop.com\/en\/wp-json\/wp\/v2\/pages"}],"about":[{"href":"http:\/\/goldengloryshop.com\/en\/wp-json\/wp\/v2\/types\/page"}],"author":[{"embeddable":true,"href":"http:\/\/goldengloryshop.com\/en\/wp-json\/wp\/v2\/users\/1"}],"replies":[{"embeddable":true,"href":"http:\/\/goldengloryshop.com\/en\/wp-json\/wp\/v2\/comments?post=252"}],"version-history":[{"count":36,"href":"http:\/\/goldengloryshop.com\/en\/wp-json\/wp\/v2\/pages\/252\/revisions"}],"predecessor-version":[{"id":1529,"href":"http:\/\/goldengloryshop.com\/en\/wp-json\/wp\/v2\/pages\/252\/revisions\/1529"}],"wp:attachment":[{"href":"http:\/\/goldengloryshop.com\/en\/wp-json\/wp\/v2\/media?parent=252"}],"curies":[{"name":"wp","href":"https:\/\/api.w.org\/{rel}","templated":true}]}}